{"id":205,"date":"2017-01-30T13:40:43","date_gmt":"2017-01-30T13:40:43","guid":{"rendered":"https:\/\/seurcecartagena.com\/?page_id=205"},"modified":"2022-06-28T09:21:35","modified_gmt":"2022-06-28T09:21:35","slug":"nuestros-servicios","status":"publish","type":"page","link":"https:\/\/seurcecartagena.com\/index.php\/nuestros-servicios\/","title":{"rendered":"Nuestros servicios"},"content":{"rendered":"<p>[vc_row css=&#8221;.vc_custom_1646743542788{padding-top: 0px !important;padding-bottom: 0px !important;}&#8221;][vc_column][vc_empty_space alter_height=&#8221;medium&#8221; hide_on_mobile=&#8221;&#8221;][vc_empty_space alter_height=&#8221;medium&#8221; hide_on_mobile=&#8221;1&#8243;][\/vc_column][\/vc_row][vc_row][vc_column width=&#8221;1\/2&#8243;][vc_empty_space][vc_empty_space][vc_empty_space][vc_empty_space][vc_empty_space][vc_empty_space][vc_empty_space][vc_empty_space][vc_empty_space][vc_empty_space][vc_empty_space][vc_empty_space][vc_empty_space][vc_empty_space][vc_empty_space][vc_single_image image=&#8221;1898&#8243; img_size=&#8221;full&#8221;][\/vc_column][vc_column width=&#8221;1\/2&#8243;][vc_empty_space height=&#8221;3em&#8221; alter_height=&#8221;none&#8221; hide_on_mobile=&#8221;&#8221;]<div id=\"sc_title_409306600\"\r\n\t\tclass=\"sc_title sc_title_default\"><h6 class=\"sc_item_subtitle sc_title_subtitle sc_align_default sc_item_title_style_default\">Servicios de cerrajer\u00eda<\/h6><h2 class=\"sc_item_title sc_title_title sc_align_default sc_item_title_style_default sc_item_title_tag\"><b>Apertura<\/b> de puertas, cajas fuertes y veh\u00edculos. <b>Reparaci\u00f3n<\/b> en general de todo tipo de cerraduras.<\/h2><\/div><!-- \/.sc_title -->[vc_row_inner][vc_column_inner width=&#8221;1\/2&#8243;][vc_column_text]<\/p>\n<ul class=\"trx_addons_list_dot\">\n<li>Sistemas de llave maestra<\/li>\n<li>Materiales de alta calidad<\/li>\n<li>Cambio y reseteo de cerraduras<\/li>\n<li>Sistemas de entrada sin llave<\/li>\n<\/ul>\n<p>[\/vc_column_text][\/vc_column_inner][vc_column_inner width=&#8221;1\/2&#8243;][vc_column_text]<\/p>\n<ul class=\"trx_addons_list_dot\">\n<li>Servicio r\u00e1pido de desbloqueo de cerraduras<\/li>\n<li>Instalaci\u00f3n y reparaci\u00f3n de cerraduras<\/li>\n<li>Cerraduras de ventana<\/li>\n<li>Interbloqueos y candados<\/li>\n<\/ul>\n<p>[\/vc_column_text][\/vc_column_inner][\/vc_row_inner][vc_empty_space height=&#8221;3em&#8221; alter_height=&#8221;none&#8221; hide_on_mobile=&#8221;1&#8243;][\/vc_column][\/vc_row][vc_row full_width=&#8221;stretch_row&#8221; css=&#8221;.vc_custom_1487754926590{background-color: #fafafa !important;}&#8221;][vc_column][vc_empty_space alter_height=&#8221;medium&#8221; hide_on_mobile=&#8221;1&#8243;]<div class=\"sc_services sc_services_default\" data-slides-per-view=\"3\" data-slides-min-width=\"200\"\t\t>\r\n\t\t<h6 class=\"sc_item_subtitle sc_services_subtitle sc_align_default sc_item_title_style_default\">Nuestros servicios<\/h6><div class=\"sc_services_columns sc_item_columns sc_item_columns_3 trx_addons_columns_wrap columns_padding_bottom\"><div class=\"trx_addons_column-1_3\"><div class=\"sc_services_item with_content with_image sc_services_item_featured_top\">\n\t<div class=\"post_featured with_thumb hover_dots sc_services_item_thumb\"><img width=\"370\" height=\"208\" src=\"https:\/\/seurcecartagena.com\/wp-content\/uploads\/2017\/01\/Depositphotos_389958988_XL-370x208.jpg\" class=\"attachment-hotlock-thumb-med size-hotlock-thumb-med wp-post-image\" alt=\"Apertura de veh\u00edculos\" decoding=\"async\" srcset=\"https:\/\/seurcecartagena.com\/wp-content\/uploads\/2017\/01\/Depositphotos_389958988_XL-370x208.jpg 370w, https:\/\/seurcecartagena.com\/wp-content\/uploads\/2017\/01\/Depositphotos_389958988_XL-1170x658.jpg 1170w, https:\/\/seurcecartagena.com\/wp-content\/uploads\/2017\/01\/Depositphotos_389958988_XL-760x428.jpg 760w, https:\/\/seurcecartagena.com\/wp-content\/uploads\/2017\/01\/Depositphotos_389958988_XL-270x152.jpg 270w\" sizes=\"(max-width: 370px) 100vw, 370px\" \/><div class=\"mask\"><\/div><a href=\"https:\/\/seurcecartagena.com\/index.php\/services\/apertura-vehiculos\/\" aria-hidden=\"true\" class=\"icons\"><span><\/span><span><\/span><span><\/span><\/a><\/div>\t<div class=\"sc_services_item_info\">\n\t\t<div class=\"sc_services_item_header\">\n\t\t\t<h4 class=\"sc_services_item_title\"><a href=\"https:\/\/seurcecartagena.com\/index.php\/services\/apertura-vehiculos\/\">Apertura de veh\u00edculos<\/a><\/h4>\n\t\t\t<div class=\"sc_services_item_subtitle\"><a href=\"https:\/\/seurcecartagena.com\/index.php\/services_group\/our-services\/\" title=\"View all posts in Our Services\">Our Services<\/a><\/div>\n\t\t<\/div>\n\t\t\t\t\t<div class=\"sc_services_item_content\"><p>No pierda su veh\u00edculo con nuestros servicios especializados.<\/p>\n<\/div>\n\t\t\t<div class=\"sc_services_item_button sc_item_button\"><a href=\"https:\/\/seurcecartagena.com\/index.php\/services\/apertura-vehiculos\/\" class=\"sc_button\">Leer m\u00e1s<\/a><\/div>\n\t\t\t<\/div>\n<\/div>\n<\/div><div class=\"trx_addons_column-1_3\"><div class=\"sc_services_item with_content with_image sc_services_item_featured_top\">\n\t<div class=\"post_featured with_thumb hover_dots sc_services_item_thumb\"><img width=\"370\" height=\"208\" src=\"https:\/\/seurcecartagena.com\/wp-content\/uploads\/2022\/03\/Depositphotos_118198590_XL-370x208.jpg\" class=\"attachment-hotlock-thumb-med size-hotlock-thumb-med wp-post-image\" alt=\"Apertura de puertas\" decoding=\"async\" srcset=\"https:\/\/seurcecartagena.com\/wp-content\/uploads\/2022\/03\/Depositphotos_118198590_XL-370x208.jpg 370w, https:\/\/seurcecartagena.com\/wp-content\/uploads\/2022\/03\/Depositphotos_118198590_XL-1170x658.jpg 1170w, https:\/\/seurcecartagena.com\/wp-content\/uploads\/2022\/03\/Depositphotos_118198590_XL-760x428.jpg 760w, https:\/\/seurcecartagena.com\/wp-content\/uploads\/2022\/03\/Depositphotos_118198590_XL-270x152.jpg 270w\" sizes=\"(max-width: 370px) 100vw, 370px\" \/><div class=\"mask\"><\/div><a href=\"https:\/\/seurcecartagena.com\/index.php\/services\/apertura-puertas\/\" aria-hidden=\"true\" class=\"icons\"><span><\/span><span><\/span><span><\/span><\/a><\/div>\t<div class=\"sc_services_item_info\">\n\t\t<div class=\"sc_services_item_header\">\n\t\t\t<h4 class=\"sc_services_item_title\"><a href=\"https:\/\/seurcecartagena.com\/index.php\/services\/apertura-puertas\/\">Apertura de puertas<\/a><\/h4>\n\t\t\t<div class=\"sc_services_item_subtitle\"><a href=\"https:\/\/seurcecartagena.com\/index.php\/services_group\/our-services\/\" title=\"View all posts in Our Services\">Our Services<\/a><\/div>\n\t\t<\/div>\n\t\t\t\t\t<div class=\"sc_services_item_content\"><p>No se quede en la calle con nuestros servicios especializados.<\/p>\n<\/div>\n\t\t\t<div class=\"sc_services_item_button sc_item_button\"><a href=\"https:\/\/seurcecartagena.com\/index.php\/services\/apertura-puertas\/\" class=\"sc_button\">Leer m\u00e1s<\/a><\/div>\n\t\t\t<\/div>\n<\/div>\n<\/div><div class=\"trx_addons_column-1_3\"><div class=\"sc_services_item with_content with_image sc_services_item_featured_top\">\n\t<div class=\"post_featured with_thumb hover_dots sc_services_item_thumb\"><img width=\"370\" height=\"208\" src=\"https:\/\/seurcecartagena.com\/wp-content\/uploads\/2017\/01\/Depositphotos_9913920_XL-370x208.jpg\" class=\"attachment-hotlock-thumb-med size-hotlock-thumb-med wp-post-image\" alt=\"Cajas fuertes\" decoding=\"async\" srcset=\"https:\/\/seurcecartagena.com\/wp-content\/uploads\/2017\/01\/Depositphotos_9913920_XL-370x208.jpg 370w, https:\/\/seurcecartagena.com\/wp-content\/uploads\/2017\/01\/Depositphotos_9913920_XL-1170x658.jpg 1170w, https:\/\/seurcecartagena.com\/wp-content\/uploads\/2017\/01\/Depositphotos_9913920_XL-760x428.jpg 760w, https:\/\/seurcecartagena.com\/wp-content\/uploads\/2017\/01\/Depositphotos_9913920_XL-270x152.jpg 270w\" sizes=\"(max-width: 370px) 100vw, 370px\" \/><div class=\"mask\"><\/div><a href=\"https:\/\/seurcecartagena.com\/index.php\/services\/cajas-fuertes\/\" aria-hidden=\"true\" class=\"icons\"><span><\/span><span><\/span><span><\/span><\/a><\/div>\t<div class=\"sc_services_item_info\">\n\t\t<div class=\"sc_services_item_header\">\n\t\t\t<h4 class=\"sc_services_item_title\"><a href=\"https:\/\/seurcecartagena.com\/index.php\/services\/cajas-fuertes\/\">Cajas fuertes<\/a><\/h4>\n\t\t\t<div class=\"sc_services_item_subtitle\"><a href=\"https:\/\/seurcecartagena.com\/index.php\/services_group\/our-services\/\" title=\"View all posts in Our Services\">Our Services<\/a><\/div>\n\t\t<\/div>\n\t\t\t\t\t<div class=\"sc_services_item_content\"><p>Obtenga seguridad completa y asequible con nuestros servicios, siempre personalizados para usted.<\/p>\n<\/div>\n\t\t\t<div class=\"sc_services_item_button sc_item_button\"><a href=\"https:\/\/seurcecartagena.com\/index.php\/services\/cajas-fuertes\/\" class=\"sc_button\">Leer m\u00e1s<\/a><\/div>\n\t\t\t<\/div>\n<\/div>\n<\/div><\/div><\/div><!-- \/.sc_services -->[vc_empty_space alter_height=&#8221;medium&#8221; hide_on_mobile=&#8221;&#8221;][\/vc_column][\/vc_row][vc_row full_width=&#8221;stretch_row&#8221; equal_height=&#8221;yes&#8221; content_placement=&#8221;middle&#8221; scheme=&#8221;dark&#8221; css=&#8221;.vc_custom_1646743507369{padding-top: 0px !important;padding-bottom: 0px !important;background-image: url(https:\/\/seurcecartagena.com\/wp-content\/uploads\/2022\/03\/Depositphotos_9382242_XL-scaled.jpg?id=1918) !important;}&#8221;][vc_column width=&#8221;1\/2&#8243;][vc_empty_space alter_height=&#8221;medium&#8221; hide_on_mobile=&#8221;&#8221;][vc_empty_space alter_height=&#8221;medium&#8221; hide_on_mobile=&#8221;1&#8243;][vc_column_text]<\/p>\n<h2>Otorgando las <strong>mejores soluciones<\/strong> a nuestros clientes<\/h2>\n<p>[\/vc_column_text][vc_empty_space alter_height=&#8221;huge&#8221; hide_on_mobile=&#8221;1&#8243;][\/vc_column][vc_column width=&#8221;1\/2&#8243;][vc_empty_space alter_height=&#8221;medium&#8221; hide_on_mobile=&#8221;3&#8243;][vc_empty_space alter_height=&#8221;medium&#8221; hide_on_mobile=&#8221;1&#8243;]<div  id=\"sc_action_941388288\" \r\n\tclass=\"sc_action sc_action_default\" data-slides-min-width=\"250\"\t><div class=\"sc_action_content sc_item_content\"><div class=\"sc_action_item sc_action_item_default sc_action_item_ml\">\r\n\t\t\t<a href=\"\/index.php\/contacto\/\" class=\"sc_action_item_link\">solicitar una cita<\/a><\/div><\/div><\/div><!-- \/.sc_action -->[vc_empty_space alter_height=&#8221;medium&#8221; hide_on_mobile=&#8221;&#8221;][vc_empty_space alter_height=&#8221;medium&#8221; hide_on_mobile=&#8221;1&#8243;][\/vc_column][\/vc_row][vc_row full_width=&#8221;stretch_row_content_no_spaces&#8221; equal_height=&#8221;yes&#8221; content_placement=&#8221;middle&#8221; css=&#8221;.vc_custom_1488878763350{padding-top: 0px !important;padding-bottom: 0px !important;}&#8221;][vc_column css=&#8221;.vc_custom_1488542136827{background-color: #ffd200 !important;}&#8221; offset=&#8221;vc_col-md-6&#8243;][vc_empty_space alter_height=&#8221;medium&#8221; hide_on_mobile=&#8221;&#8221;][vc_empty_space alter_height=&#8221;medium&#8221; hide_on_mobile=&#8221;1&#8243;]<div id=\"sc_skills_72037718\"\r\n\t\tclass=\"sc_skills sc_skills_counter\"\r\n\t\t\t\tdata-type=\"counter\"\r\n\t\t><div class=\"sc_skills_columns sc_item_columns trx_addons_columns_wrap columns_padding_bottom\"><div class=\"sc_skills_column trx_addons_column-1_3\"><div class=\"sc_skills_item_wrap\"><div class=\"sc_skills_item\"><div class=\"sc_skills_icon icon-padlock\"><\/div><div class=\"sc_skills_total\" data-start=\"0\" data-stop=\"935\" data-step=\"12.55\" data-max=\"1255\" data-speed=\"12\" data-duration=\"894\" data-ed=\"\" style=\"color: #292734\">0<\/div><\/div><div class=\"sc_skills_item_title\">Cerraduras instaladas<\/div><\/div><\/div><div class=\"sc_skills_column trx_addons_column-1_3\"><div class=\"sc_skills_item_wrap\"><div class=\"sc_skills_item\"><div class=\"sc_skills_icon icon-remote-control\"><\/div><div class=\"sc_skills_total\" data-start=\"0\" data-stop=\"236\" data-step=\"12.55\" data-max=\"1255\" data-speed=\"16\" data-duration=\"301\" data-ed=\"\" style=\"color: #292734\">0<\/div><\/div><div class=\"sc_skills_item_title\">Locales asegurados<\/div><\/div><\/div><div class=\"sc_skills_column trx_addons_column-1_3\"><div class=\"sc_skills_item_wrap\"><div class=\"sc_skills_item\"><div class=\"sc_skills_icon icon-key-1\"><\/div><div class=\"sc_skills_total\" data-start=\"0\" data-stop=\"1255\" data-step=\"12.55\" data-max=\"1255\" data-speed=\"36\" data-duration=\"3600\" data-ed=\"\" style=\"color: #292734\">0<\/div><\/div><div class=\"sc_skills_item_title\">Clientes satisfechos<\/div><\/div><\/div><\/div><\/div>[vc_empty_space alter_height=&#8221;medium&#8221; hide_on_mobile=&#8221;&#8221;][vc_empty_space alter_height=&#8221;medium&#8221; hide_on_mobile=&#8221;1&#8243;][\/vc_column][vc_column css=&#8221;.vc_custom_1488542126255{background-color: #292734 !important;}&#8221; offset=&#8221;vc_col-md-6&#8243;][vc_empty_space alter_height=&#8221;medium&#8221; hide_on_mobile=&#8221;&#8221;][vc_empty_space alter_height=&#8221;medium&#8221; hide_on_mobile=&#8221;1&#8243;]<div class=\"scheme_dark sc_testimonials sc_testimonials_default swiper-slider-container slider_swiper slider_noresize slider_nocontrols slider_pagination\" data-slides-min-width=\"150\"\t\t>\r\n\t\t<h6 class=\"sc_item_subtitle sc_testimonials_subtitle sc_align_default sc_item_title_style_default\">Testimonios<\/h6><div class=\"sc_testimonials_slider sc_item_slider slides swiper-wrapper\"><div class=\"swiper-slide\"><div class=\"sc_testimonials_item\">\r\n\t<div class=\"sc_testimonials_item_content\"><p>Un trabajo magn\u00edfico y r\u00e1pido en la instalaci\u00f3n de las puertas. \u00a1Muy recomendable!<\/p>\n<\/div>\r\n\t<div class=\"sc_testimonials_item_author\">\r\n\t\t\t\t<div class=\"sc_testimonials_item_author_data\">\r\n\t\t\t<h4 class=\"sc_testimonials_item_author_title\">Ana Terrero<\/h4>\r\n\t\t\t<div class=\"sc_testimonials_item_author_subtitle\">Arquitecta<\/div>\r\n\t\t<\/div>\r\n\t<\/div>\r\n<\/div>\r\n<\/div><div class=\"swiper-slide\"><div class=\"sc_testimonials_item\">\r\n\t<div class=\"sc_testimonials_item_content\"><p>Un equipo absolutamente fabuloso. Sus c\u00e1maras son 100% confiables, as\u00ed como su trato humano.<\/p>\n<\/div>\r\n\t<div class=\"sc_testimonials_item_author\">\r\n\t\t\t\t<div class=\"sc_testimonials_item_author_data\">\r\n\t\t\t<h4 class=\"sc_testimonials_item_author_title\">Pablo Jim\u00e9nez<\/h4>\r\n\t\t\t<div class=\"sc_testimonials_item_author_subtitle\">M\u00e9dico<\/div>\r\n\t\t<\/div>\r\n\t<\/div>\r\n<\/div>\r\n<\/div><div class=\"swiper-slide\"><div class=\"sc_testimonials_item\">\r\n\t<div class=\"sc_testimonials_item_content\"><p>Necesitaba sistemas digitales para proteger mi negocio, y con ellos encontr\u00e9 todo lo que necesitaba. \u00a1Un 10 a su impecable trabajo!<\/p>\n<\/div>\r\n\t<div class=\"sc_testimonials_item_author\">\r\n\t\t\t\t<div class=\"sc_testimonials_item_author_data\">\r\n\t\t\t<h4 class=\"sc_testimonials_item_author_title\">Mar\u00eda Valero<\/h4>\r\n\t\t\t<div class=\"sc_testimonials_item_author_subtitle\">Electricista<\/div>\r\n\t\t<\/div>\r\n\t<\/div>\r\n<\/div>\r\n<\/div><div class=\"swiper-slide\"><div class=\"sc_testimonials_item\">\r\n\t<div class=\"sc_testimonials_item_content\"><p>Gracias a todo el equipo que conforma Seurce por ayudarme a elegir el mejor sistema para proteger mi hogar. \u00a1Absoluta profesionalidad!<\/p>\n<\/div>\r\n\t<div class=\"sc_testimonials_item_author\">\r\n\t\t\t\t<div class=\"sc_testimonials_item_author_data\">\r\n\t\t\t<h4 class=\"sc_testimonials_item_author_title\">Romeo S\u00e1nchez<\/h4>\r\n\t\t\t<div class=\"sc_testimonials_item_author_subtitle\">Administrativo<\/div>\r\n\t\t<\/div>\r\n\t<\/div>\r\n<\/div>\r\n<\/div><\/div><div class=\"slider_pagination_wrap swiper-pagination\"><\/div><\/div><!-- \/.sc_testimonials -->[vc_empty_space alter_height=&#8221;medium&#8221; hide_on_mobile=&#8221;&#8221;][vc_empty_space alter_height=&#8221;medium&#8221; hide_on_mobile=&#8221;1&#8243;][\/vc_column][\/vc_row][vc_row css=&#8221;.vc_custom_1487867687884{padding-top: 0px !important;padding-bottom: 0px !important;}&#8221;][vc_column][vc_empty_space alter_height=&#8221;medium&#8221; hide_on_mobile=&#8221;&#8221;][vc_empty_space alter_height=&#8221;medium&#8221; hide_on_mobile=&#8221;1&#8243;][\/vc_column][\/vc_row][vc_row][vc_column][vc_hoverbox image=&#8221;2264&#8243; primary_title=&#8221;Nuestro lema&#8221; primary_title_font_container=&#8221;color:%23ffffff&#8221; primary_title_use_theme_fonts=&#8221;yes&#8221; hover_title=&#8221;Nuestro lema&#8221; hover_title_font_container=&#8221;color:%23ffffff&#8221; hover_title_use_theme_fonts=&#8221;yes&#8221; hover_background_color=&#8221;custom&#8221; use_custom_fonts_primary_title=&#8221;true&#8221; use_custom_fonts_hover_title=&#8221;true&#8221; hover_custom_background=&#8221;#031d80&#8243;]<em><img decoding=\"async\" loading=\"lazy\" class=\"alignnone size-medium wp-image-2264\" src=\"https:\/\/seurcecartagena.com\/wp-content\/uploads\/2022\/03\/cerradura-300x200.jpg\" alt=\"\" width=\"300\" height=\"200\" srcset=\"https:\/\/seurcecartagena.com\/wp-content\/uploads\/2022\/03\/cerradura-300x200.jpg 300w, https:\/\/seurcecartagena.com\/wp-content\/uploads\/2022\/03\/cerradura-1024x683.jpg 1024w, https:\/\/seurcecartagena.com\/wp-content\/uploads\/2022\/03\/cerradura-768x513.jpg 768w, https:\/\/seurcecartagena.com\/wp-content\/uploads\/2022\/03\/cerradura-1536x1025.jpg 1536w, https:\/\/seurcecartagena.com\/wp-content\/uploads\/2022\/03\/cerradura-2048x1367.jpg 2048w, https:\/\/seurcecartagena.com\/wp-content\/uploads\/2022\/03\/cerradura-370x247.jpg 370w, https:\/\/seurcecartagena.com\/wp-content\/uploads\/2022\/03\/cerradura-770x514.jpg 770w, https:\/\/seurcecartagena.com\/wp-content\/uploads\/2022\/03\/cerradura-600x400.jpg 600w\" sizes=\"(max-width: 300px) 100vw, 300px\" \/><\/em><\/p>\n<p><strong><span style=\"color: #ffffff;\">CALIDAD, PRECIO Y GARANT\u00cdA<\/span><\/strong><\/p>\n<p><span style=\"color: #ffffff;\">Servicios en ciudad situados a menos de 30 kil\u00f3metros<\/span> <em><span style=\"color: #ffffff;\">no cobramos desplazamiento.<\/span><\/em>[\/vc_hoverbox][\/vc_column][\/vc_row]<\/p>\n","protected":false},"excerpt":{"rendered":"<p>[vc_row css=&#8221;.vc_custom_1646743542788{padding-top: 0px !important;padding-bottom: 0px !important;}&#8221;][vc_column][vc_empty_space alter_height=&#8221;medium&#8221; hide_on_mobile=&#8221;&#8221;][vc_empty_space alter_height=&#8221;medium&#8221; hide_on_mobile=&#8221;1&#8243;][\/vc_column][\/vc_row][vc_row][vc_column width=&#8221;1\/2&#8243;][vc_empty_space][vc_empty_space][vc_empty_space][vc_empty_space][vc_empty_space][vc_empty_space][vc_empty_space][vc_empty_space][vc_empty_space][vc_empty_space][vc_empty_space][vc_empty_space][vc_empty_space][vc_empty_space][vc_empty_space][vc_single_image image=&#8221;1898&#8243; img_size=&#8221;full&#8221;][\/vc_column][vc_column width=&#8221;1\/2&#8243;][vc_empty_space height=&#8221;3em&#8221; alter_height=&#8221;none&#8221; hide_on_mobile=&#8221;&#8221;][vc_row_inner][vc_column_inner width=&#8221;1\/2&#8243;][vc_column_text] Sistemas de llave maestra Materiales de alta calidad Cambio y reseteo de&hellip;<\/p>\n","protected":false},"author":1,"featured_media":0,"parent":0,"menu_order":0,"comment_status":"closed","ping_status":"closed","template":"","meta":{"footnotes":""},"_links":{"self":[{"href":"https:\/\/seurcecartagena.com\/index.php\/wp-json\/wp\/v2\/pages\/205"}],"collection":[{"href":"https:\/\/seurcecartagena.com\/index.php\/wp-json\/wp\/v2\/pages"}],"about":[{"href":"https:\/\/seurcecartagena.com\/index.php\/wp-json\/wp\/v2\/types\/page"}],"author":[{"embeddable":true,"href":"https:\/\/seurcecartagena.com\/index.php\/wp-json\/wp\/v2\/users\/1"}],"replies":[{"embeddable":true,"href":"https:\/\/seurcecartagena.com\/index.php\/wp-json\/wp\/v2\/comments?post=205"}],"version-history":[{"count":34,"href":"https:\/\/seurcecartagena.com\/index.php\/wp-json\/wp\/v2\/pages\/205\/revisions"}],"predecessor-version":[{"id":2100,"href":"https:\/\/seurcecartagena.com\/index.php\/wp-json\/wp\/v2\/pages\/205\/revisions\/2100"}],"wp:attachment":[{"href":"https:\/\/seurcecartagena.com\/index.php\/wp-json\/wp\/v2\/media?parent=205"}],"curies":[{"name":"wp","href":"https:\/\/api.w.org\/{rel}","templated":true}]}}